{"id":9261,"date":"2024-02-22T13:13:36","date_gmt":"2024-02-22T12:13:36","guid":{"rendered":"https:\/\/www.comll.cat\/es\/?page_id=9261"},"modified":"2024-08-28T15:40:04","modified_gmt":"2024-08-28T13:40:04","slug":"condiciones-de-uso","status":"publish","type":"page","link":"https:\/\/www.comll.cat\/es\/condiciones-de-uso\/","title":{"rendered":"Condiciones de uso"},"content":{"rendered":"\n<p><b>1. Condiciones generales<\/b><\/p>\n\n\n\n<p>Las presentes condiciones generales de uso regulan el uso del sitio web <a href=\"https:\/\/www.comll.cat\/\">https:\/\/www.comll.cat\/<\/a>, as\u00ed como las condiciones de compra de productos y de contrataci\u00f3n de servicios ofrecidos a trav\u00e9s de este sitio web.<\/p>\n\n\n\n<p>Col\u00b7legi Oficial de Metges de Lleida dispone de una p\u00e1gina web de productos que su suministrados en puntos de venta y distribuidores autorizados. *Las personas que pretenden navegar por el sitio web, as\u00ed como adquirir o contratar productos o servicios, lo pueden realizar sin necesidad de registrarse ni de ostentar la condici\u00f3n de usuario.<\/p>\n\n\n\n<p>Todo usuario que acceda al sitio web y adquiera los productos ofrecidos tendr\u00e1 que ser mayor de 18 a\u00f1os con suficiente capacidad legal para celebrar contratos.<\/p>\n\n\n\n<p><b>2. Usuario<\/b><\/p>\n\n\n\n<p>Toda persona que lo desee y que sea mayor de 18 a\u00f1os, con suficiente capacidad de obrar, puede adquirir productos a trav\u00e9s de este sitio web.<\/p>\n\n\n\n<p>El usuario, una vez completadas todos los datos que ha facilitado, declara que son ciertas, y que corresponden a su persona, habiendo aceptado la pol\u00edtica de privacidad; y, en concreto, aquello detallado debajo del ep\u00edgrafe de \u201cProtecci\u00f3n de datos\u201d que se detalla al aviso legal y pol\u00edtica de privacidad, y donde se especifica el tratamiento que se realizar\u00e1 con la \u00fanica finalidad de gestionar la relaci\u00f3n *negocial.<\/p>\n\n\n\n<p><b>3. Usuario registrado<\/b><\/p>\n\n\n\n<p>Toda persona que lo desee y que sea mayor de 18 a\u00f1os con suficiente capacidad de obrar, puede crear su propia cuenta, introduciendo la totalidad de los datos que se soliciten en el apartado \u201cAcceder a mi cuenta\u201d.<\/p>\n\n\n\n<p>El usuario con la cumplimentaci\u00f3n de sus datos declara que todas las facilitadas son ciertas, actualizadas y corresponden a su persona.<\/p>\n\n\n\n<p>Un golpe completo el procedimiento, el usuario podr\u00e1 acceder en su \u00e1rea personal, donde podr\u00e1 visualizar su historial de pedidos y compras, el detalle de transacciones, as\u00ed como sus datos de car\u00e1cter personal. En cualquier momento el USUARIO podr\u00e1 realizar las modificaciones que considere convenientes, as\u00ed como dar de baja la cuenta.<\/p>\n\n\n\n<p>Para poder *autentificar-se en esta web, se dispondr\u00e1 de un nombre de usuario y contrase\u00f1a que ser\u00e1 escogido por el propio usuario y que le permitir\u00e1 acceder en un \u00e1rea personal.<\/p>\n\n\n\n<p>La contrase\u00f1a tiene que ser personal, secreta e intransferible, no estando permitida ni recomendada la cesi\u00f3n, ni siquiera temporal a terceros. Por eso, el usuario se compromete a hacer un uso diligente y mantener en secreto la misma, asumiendo toda responsabilidad por las consecuencias de su divulgaci\u00f3n a terceros al permitir o no tener la cura necesaria para evitar que terceras personas puedan tener conocimiento de ella.<\/p>\n\n\n\n<p>En el supuesto de que el usuario conozca o sospeche del uso de su contrase\u00f1a por terceros, tendr\u00e1 que modificarla de forma inmediata a su \u00e1rea personal de la web o notificarlo inmediatamente a info@tradicionsenjoc.cat porque se proceda a su modificaci\u00f3n.<\/p>\n\n\n\n<p><b>4. Procedimiento de compra y pago<\/b><\/p>\n\n\n\n<p>Al sitio web se describe las condiciones de cada uno de los productos ofrecidos, as\u00ed como sus caracter\u00edsticas.<\/p>\n\n\n\n<p>Los precios de la p\u00e1gina web incluyen IVA, pero excluyen los gastos de env\u00edo, que se a\u00f1adir\u00e1n al importe total debido.<br>Los precios pueden cambiar en cualquier momento pero (quitado al establecido anteriormente) los posibles cambios no afectar\u00e1n a los pedidos con respecto a las que ya se haya enviado la Confirmaci\u00f3n de Pedido.<\/p>\n\n\n\n<p>Una vez seleccionado el producto que desea adquirir, este podr\u00e1 ser abonado mediante transferencia *bancaria y *bizum<\/p>\n\n\n\n<ul class=\"wp-block-list\">\n<li>Si se desea realizar el pago por transferencia bancaria, hace falta que se realice la transferencia a la cuenta bancaria *xxxxxxxxxxxxxxxxxxx, indicando su nombre y n\u00famero de encargada. Una vez verificado que el dinero su consignados, se entender\u00e1 que el contrato se ha perfeccionado.<\/li>\n\n\n\n<li>Si el pago se realiza por plataforma *Bizum; se remitir\u00e1 a la plataforma de este medio de pago, habiendo el usuario acceder a su cuenta y finalizar el pago, seg\u00fan las instrucciones de la propia plataforma, quien informar\u00e1 y abonar\u00e1 a la empresa el correcto pago o incidencia producida en las mismas.<\/li>\n<\/ul>\n\n\n\n<p>En ning\u00fan caso, Col\u00b7legi Oficial de Metges de Lleida almacena estos datos, dado que solo son guardadas bajo responsabilidad de la empresa que ofrece la plataforma de pago; quien informar\u00e1 y abonar\u00e1 a Col\u00b7legi Oficial de Metges de Lleida el correcto pago o informar\u00e1 de la incidencia producida en el mismo.<\/p>\n\n\n\n<p>Una vez comprobado que el procedimiento de pago se ha realizado de forma satisfactoria por cualquier de los medios disponibles, Col\u00b7legi Oficial de Metges de Lleida emitir\u00e1 el correspondiente comprobante de compra a la direcci\u00f3n de correo electr\u00f3nico facilitada por el usuario y se adjuntar\u00e1 una copia al pedido.<\/p>\n\n\n\n<p>Si lo desea, podr\u00e1 ponerse en contacto con nosotros a trav\u00e9s del correo electr\u00f3nico <a href=\"mailto:comll@comll.cat\">comll@comll.cat<\/a> o por tel\u00e9fono a 973270811, para solicitar que le remitamos el comprobante de compra por correo postal o por cualquier otro medio equivalente.<\/p>\n\n\n\n<p><b>5. Derecho de desistimiento<\/b><\/p>\n\n\n\n<p>En conformidad con la normativa de defensa de los consumidores y los usuarios, una vez realizada la compra, el usuario dispone de 14 d\u00edas naturales para ejercer su derecho de desistimiento, desde la recepci\u00f3n del producto al domicilio indicado y disponer del comprobante de compra; siempre y cuando, el producto sea devuelto en correcto estado, en su estado original y con los precintos de garant\u00eda intactas.<\/p>\n\n\n\n<p>El usuario tendr\u00e1 que ponerse en contacto con la empresa a trav\u00e9s del siguiente correo electr\u00f3nico, comll@comll.cat alegante que quiere ejercer su derecho de dejaci\u00f3n o completando este formulario:<\/p>\n\n\n\n<p>A la Atenci\u00f3n de Col\u00b7legi Oficial de Metges de Lleida<\/p>\n\n\n\n<p>Por la presente, les comunico que desisto de nuestro contrato de venta abajo referenciado:<\/p>\n\n\n\n<ul class=\"wp-block-list\">\n<li>Referencia (n.\u00ba de compra o factura): ___________________________<\/li>\n\n\n\n<li>Producto recibido el d\u00eda _____\/_____\/_________<\/li>\n\n\n\n<li>Nombre de quien ejerce el derecho de dejaci\u00f3n (consumidor\/s y usuario\/s):<\/li>\n<\/ul>\n\n\n\n<hr class=\"wp-block-separator has-alpha-channel-opacity\"\/>\n\n\n\n<ul class=\"wp-block-list\">\n<li>\u00a0 Domicilio de quien ejerce el derecho :________________________________<\/li>\n\n\n\n<li>Correo electr\u00f3nico de quien ejerce el derecho : ____________@______________ (obligatorio si\u00a0 se remite v\u00eda electr\u00f3nica)<\/li>\n\n\n\n<li>Fecha: _____\/_____\/_________<\/li>\n\n\n\n<li>Firma del consumidor y usuario o de los consumidores y usuarios\u00a0<br>(solo si el formulario se presenta en papel)<\/li>\n<\/ul>\n\n\n\n<p>Una vez finalizado este plazo, Col\u00b7legi Oficial de Metges de Lleida no acepta devoluciones por dejaci\u00f3n en los servicios adquiridos.<\/p>\n\n\n\n<p><b>6. Resoluci\u00f3n de conflicto:<\/b><\/p>\n\n\n\n<p>Se informa que Col\u00b7legi Oficial de Metges de Lleida, no consta adherida a ninguna plataforma de resoluci\u00f3n de conflictos en materia de consumo o de arbitraje, estando a disposici\u00f3n de sus usuarios-clientes en los canales de atenci\u00f3n al cliente que constan en la Web.<\/p>\n\n\n\n<p>Pero en conformidad con el Reglamento 524\/2013 del Parlamento Europeo y del Consejo, de 21 de mayo de 2013, sobre resoluci\u00f3n de litigios en l\u00ednea en materia de consumo, se informa de la existencia de una plataforma europea para la resoluci\u00f3n de conflictos, que podr\u00e1 ser utilizada en el \u00e1mbito del e-commerce; pudiendo obtener m\u00e1s informaci\u00f3n a: <a href=\"https:\/\/webgate.ec.europa.eu\/odr\/main\/?event=main.home.show\" target=\"_blank\" rel=\"noreferrer noopener\">https:\/\/webgate.ec.europa.eu\/odr\/main\/?event=main.home.show<\/a><\/p>\n\n\n\n<p><b>7. Ley aplicable y jurisdicci\u00f3n<\/b><\/p>\n\n\n\n<p>La empresa se reserva el derecho a modificar esta Pol\u00edtica en cualquier momento, informando de los cambios sustanciales realizados. Estos cambios no tendr\u00e1n efectos retroactivos - salvo que se trate de imposiciones legales - y ser\u00e1n de aplicaci\u00f3n 30 d\u00edas de la publicaci\u00f3n del aviso correspondiente. Si el usuario no est\u00e1 conforme con las modificaciones, le recomendamos no hacer uso de la web.<\/p>\n\n\n\n<p>Las presentes condiciones generales se rigen por la Legislaci\u00f3n espa\u00f1ola, siendo competentes los Juzgados y Tribunales espa\u00f1oles para conocer de cu\u00e1ntas cuestiones se susciten sobre la interpretaci\u00f3n, aplicaci\u00f3n y cumplimiento de las mismas.<\/p>\n","protected":false},"excerpt":{"rendered":"<p>1. Condiciones generales Las presentes condiciones generales de uso regulan el uso del sitio web https:\/\/www.comll.cat\/, as\u00ed como las condiciones...<\/p>\n","protected":false},"author":1,"featured_media":0,"parent":0,"menu_order":0,"comment_status":"closed","ping_status":"closed","template":"","meta":{"_acf_changed":false,"inline_featured_image":false,"footnotes":""},"class_list":["post-9261","page","type-page","status-publish","hentry"],"acf":[],"yoast_head":"<!-- This site is optimized with the Yoast SEO plugin v27.5 - https:\/\/yoast.com\/product\/yoast-seo-wordpress\/ -->\n<title>Condiciones de uso - Col\u00b7legi Oficial de Metges de Lleida<\/title>\n<meta name=\"robots\" content=\"index, follow, max-snippet:-1, max-image-preview:large, max-video-preview:-1\" \/>\n<link rel=\"canonical\" href=\"https:\/\/www.comll.cat\/es\/condiciones-de-uso\/\" \/>\n<meta property=\"og:locale\" content=\"es_ES\" \/>\n<meta property=\"og:type\" content=\"article\" \/>\n<meta property=\"og:title\" content=\"Condiciones de uso - Col\u00b7legi Oficial de Metges de Lleida\" \/>\n<meta property=\"og:description\" content=\"1. Condiciones generales Las presentes condiciones generales de uso regulan el uso del sitio web https:\/\/www.comll.cat\/, as\u00ed como las condiciones...\" \/>\n<meta property=\"og:url\" content=\"https:\/\/www.comll.cat\/es\/condiciones-de-uso\/\" \/>\n<meta property=\"og:site_name\" content=\"Col\u00b7legi Oficial de Metges de Lleida\" \/>\n<meta property=\"article:modified_time\" content=\"2024-08-28T13:40:04+00:00\" \/>\n<meta name=\"twitter:card\" content=\"summary_large_image\" \/>\n<script type=\"application\/ld+json\" class=\"yoast-schema-graph\">{\"@context\":\"https:\\\/\\\/schema.org\",\"@graph\":[{\"@type\":\"WebPage\",\"@id\":\"https:\\\/\\\/www.comll.cat\\\/es\\\/condiciones-de-uso\\\/\",\"url\":\"https:\\\/\\\/www.comll.cat\\\/es\\\/condiciones-de-uso\\\/\",\"name\":\"Condiciones de uso - Col\u00b7legi Oficial de Metges de Lleida\",\"isPartOf\":{\"@id\":\"https:\\\/\\\/www.comll.cat\\\/es\\\/#website\"},\"datePublished\":\"2024-02-22T12:13:36+00:00\",\"dateModified\":\"2024-08-28T13:40:04+00:00\",\"breadcrumb\":{\"@id\":\"https:\\\/\\\/www.comll.cat\\\/es\\\/condiciones-de-uso\\\/#breadcrumb\"},\"inLanguage\":\"es\",\"potentialAction\":[{\"@type\":\"ReadAction\",\"target\":[\"https:\\\/\\\/www.comll.cat\\\/es\\\/condiciones-de-uso\\\/\"]}]},{\"@type\":\"BreadcrumbList\",\"@id\":\"https:\\\/\\\/www.comll.cat\\\/es\\\/condiciones-de-uso\\\/#breadcrumb\",\"itemListElement\":[{\"@type\":\"ListItem\",\"position\":1,\"name\":\"Portada\",\"item\":\"https:\\\/\\\/www.comll.cat\\\/es\\\/\"},{\"@type\":\"ListItem\",\"position\":2,\"name\":\"Condiciones de uso\"}]},{\"@type\":\"WebSite\",\"@id\":\"https:\\\/\\\/www.comll.cat\\\/es\\\/#website\",\"url\":\"https:\\\/\\\/www.comll.cat\\\/es\\\/\",\"name\":\"Col\u00b7legi Oficial de Metges de Lleida\",\"description\":\"COMLL\",\"potentialAction\":[{\"@type\":\"SearchAction\",\"target\":{\"@type\":\"EntryPoint\",\"urlTemplate\":\"https:\\\/\\\/www.comll.cat\\\/es\\\/?s={search_term_string}\"},\"query-input\":{\"@type\":\"PropertyValueSpecification\",\"valueRequired\":true,\"valueName\":\"search_term_string\"}}],\"inLanguage\":\"es\"}]}<\/script>\n<!-- \/ Yoast SEO plugin. -->","yoast_head_json":{"title":"Condiciones de uso - Col\u00b7legi Oficial de Metges de Lleida","robots":{"index":"index","follow":"follow","max-snippet":"max-snippet:-1","max-image-preview":"max-image-preview:large","max-video-preview":"max-video-preview:-1"},"canonical":"https:\/\/www.comll.cat\/es\/condiciones-de-uso\/","og_locale":"es_ES","og_type":"article","og_title":"Condiciones de uso - Col\u00b7legi Oficial de Metges de Lleida","og_description":"1. Condiciones generales Las presentes condiciones generales de uso regulan el uso del sitio web https:\/\/www.comll.cat\/, as\u00ed como las condiciones...","og_url":"https:\/\/www.comll.cat\/es\/condiciones-de-uso\/","og_site_name":"Col\u00b7legi Oficial de Metges de Lleida","article_modified_time":"2024-08-28T13:40:04+00:00","twitter_card":"summary_large_image","schema":{"@context":"https:\/\/schema.org","@graph":[{"@type":"WebPage","@id":"https:\/\/www.comll.cat\/es\/condiciones-de-uso\/","url":"https:\/\/www.comll.cat\/es\/condiciones-de-uso\/","name":"Condiciones de uso - Col\u00b7legi Oficial de Metges de Lleida","isPartOf":{"@id":"https:\/\/www.comll.cat\/es\/#website"},"datePublished":"2024-02-22T12:13:36+00:00","dateModified":"2024-08-28T13:40:04+00:00","breadcrumb":{"@id":"https:\/\/www.comll.cat\/es\/condiciones-de-uso\/#breadcrumb"},"inLanguage":"es","potentialAction":[{"@type":"ReadAction","target":["https:\/\/www.comll.cat\/es\/condiciones-de-uso\/"]}]},{"@type":"BreadcrumbList","@id":"https:\/\/www.comll.cat\/es\/condiciones-de-uso\/#breadcrumb","itemListElement":[{"@type":"ListItem","position":1,"name":"Portada","item":"https:\/\/www.comll.cat\/es\/"},{"@type":"ListItem","position":2,"name":"Condiciones de uso"}]},{"@type":"WebSite","@id":"https:\/\/www.comll.cat\/es\/#website","url":"https:\/\/www.comll.cat\/es\/","name":"Col\u00b7legi Oficial de Metges de Lleida","description":"COMLL","potentialAction":[{"@type":"SearchAction","target":{"@type":"EntryPoint","urlTemplate":"https:\/\/www.comll.cat\/es\/?s={search_term_string}"},"query-input":{"@type":"PropertyValueSpecification","valueRequired":true,"valueName":"search_term_string"}}],"inLanguage":"es"}]}},"publishpress_future_workflow_manual_trigger":{"enabledWorkflows":[]},"_links":{"self":[{"href":"https:\/\/www.comll.cat\/es\/wp-json\/wp\/v2\/pages\/9261","targetHints":{"allow":["GET"]}}],"collection":[{"href":"https:\/\/www.comll.cat\/es\/wp-json\/wp\/v2\/pages"}],"about":[{"href":"https:\/\/www.comll.cat\/es\/wp-json\/wp\/v2\/types\/page"}],"author":[{"embeddable":true,"href":"https:\/\/www.comll.cat\/es\/wp-json\/wp\/v2\/users\/1"}],"replies":[{"embeddable":true,"href":"https:\/\/www.comll.cat\/es\/wp-json\/wp\/v2\/comments?post=9261"}],"version-history":[{"count":1,"href":"https:\/\/www.comll.cat\/es\/wp-json\/wp\/v2\/pages\/9261\/revisions"}],"predecessor-version":[{"id":9262,"href":"https:\/\/www.comll.cat\/es\/wp-json\/wp\/v2\/pages\/9261\/revisions\/9262"}],"wp:attachment":[{"href":"https:\/\/www.comll.cat\/es\/wp-json\/wp\/v2\/media?parent=9261"}],"curies":[{"name":"wp","href":"https:\/\/api.w.org\/{rel}","templated":true}]}}