{"id":213,"date":"2021-09-06T13:09:18","date_gmt":"2021-09-06T11:09:18","guid":{"rendered":"https:\/\/www.comll.cat\/?page_id=213"},"modified":"2024-08-28T15:40:04","modified_gmt":"2024-08-28T13:40:04","slug":"politica-de-cookies","status":"publish","type":"page","link":"https:\/\/www.comll.cat\/es\/politica-de-cookies\/","title":{"rendered":"Pol\u00edtica de cookies"},"content":{"rendered":"\n<p><b>POL\u00cdTICA DE COOKIES<\/b><\/p>\n\n\n\n<p>En cumplimiento con el deber de informaci\u00f3n recogido en el apartado 2\u00ba del art\u00edculo 22 de la Ley 34\/2002, de 11 de Julio, de Servicios de la Sociedad de la Informaci\u00f3n y del Comercio Electr\u00f3nico, la presente cl\u00e1usula de cookies tiene por finalidad informar a los usuarios de forma clara y precisa sobre las cookies que utiliza el sitio web <a href=\"http:\/\/www.comll.cat\">www.comll.cat<\/a> propiedad de <strong>Colegio Oficial de M\u00e9dicos de Lleida<\/strong><b> (COMLL).<\/b><\/p>\n\n\n\n<p>Una cookie es un archivo de peque\u00f1o tama\u00f1o que los sitios web env\u00edan al navegador y descargan en su ordenador. Las cookies permiten que la p\u00e1gina web almacene y recupere la informaci\u00f3n sobre su visita, como el idioma y otras opciones con el fin de mejorar los servicios que se ofrecen y contribuyen a tener una mejor experiencia en la navegaci\u00f3n por el usuario.<\/p>\n\n\n\n<p><b>Cookies utilizadas en la web<\/b><\/p>\n\n\n\n<p><b>Categor\u00eda: Cookies necesarias<\/b><\/p>\n\n\n\n<p>Las cookies necesarias hacen la web utilizable activando funciones b\u00e1sicas como la navegaci\u00f3n en la p\u00e1gina web y el acceso a \u00e1reas seguras de la p\u00e1gina. La p\u00e1gina web no puede funcionar adecuadamente sin estas cookies.<\/p>\n\n\n\n<figure class=\"wp-block-table t1\"><table><tbody><tr><td>\n<p>Nombre<\/p>\n<\/td><td>\n<p>Prop\u00f3sito<\/p>\n<\/td><td>\n<p>Gesti\u00f3n<\/p>\n<\/td><td>\n<p>Caducidad<\/p>\n<\/td><\/tr><tr><td> wordpress_logged_in_<\/td>\n<td> Controla el inicio de sesi\u00f3n .<\/td>\n<td><p>WordPress<\/p><\/td>\n<td><p>Sesi\u00f3n<\/p>\n<\/td><\/tr><\/tbody><\/table><\/figure>\n\n\n\n<p><b>Categor\u00eda: Cookies estad\u00edsticas<\/b><\/p>\n\n\n\n<p>Las cookies estad\u00edsticas permiten entender como los visitantes interact\u00faan en la p\u00e1gina web proporcionado informaci\u00f3n an\u00f3nima.<\/p>\n\n\n\n<p class=\"p8\">&nbsp;<\/p>\n\n\n\n<figure class=\"wp-block-table t1\"><table><tbody><tr><td>\n<p>Nombre<\/p>\n<\/td><td>\n<p>Prop\u00f3sito<\/p>\n<\/td><td>\n<p>Gesti\u00f3n<\/p>\n<\/td><td>\n<p>Caducidad<\/p>\n<\/td><\/tr><tr><td>\n<p>_ga<\/p>\n<\/td><td>\n<p>Registra una identificaci\u00f3n \u00fanica que se utiliza para generar datos estad\u00edsticos <br>sobre como utiliza el visitante el sitio web.<br><\/p>\n<\/td><td>\n<p>Propietario de tercero:<\/p>\n<p>Google\n<\/p><\/td><td><p><\/p>\n<p>2 a\u00f1os<\/p>\n<\/td><\/tr><tr><td>\n<p>_gat<\/p>\n<\/td><td>\n<p>Se utiliza para controlar la taza de peticiones.<\/p>\n<\/td><td>\n<p>Propietario de terceros:<\/p>\n<p>Google<\/p>\n<\/td><td>\n<p>1 a\u00f1o<\/p>\n<\/td><\/tr><tr><td>\n<p>_gid<\/p>\n<\/td><td>\n<p>Se utiliza para enviar datos a Google Analytics sobre el dispositivo de visitante y su comportamiento. Rastrea al visitante a trav\u00e9s de los dispositivos y canales de marketing.<\/p>\n<\/td><td>\n<p>Propietario de terceros:<\/p>\n<p>Google<\/p>\n<\/td><td>\n<p>1 d\u00eda<\/p>\n<\/td><\/tr><tr><td>\n<p>slimstat_tracking_code<\/p>\n<\/td><td>\n<p>Rastrea a los usuarios con finalidades anal\u00edticas<\/p>\n<\/td><td>\n<p>Propiedad de terceros: WordPress<\/p>\n<\/td><td>\n<p>Sesi\u00f3n<\/p>\n<\/td><\/tr><\/tbody><\/table><\/figure>\n\n\n\n<p class=\"p11\">&nbsp;<\/p>\n\n\n\n<p class=\"p12\">Esta informaci\u00f3n se actualizar\u00e1 a medida en que cambien los servicios ofrecidos en este sitio web.<\/p>\n\n\n\n<p class=\"p13\">&nbsp;<\/p>\n\n\n\n<p class=\"p12\"><b>Como modificar la configuraci\u00f3n de las cookies<\/b><\/p>\n\n\n\n<p class=\"p12\">El usuario pude restringir, bloquear o borrar las cookies de <strong>GoodGut S.L<\/strong>, o cualquier otra p\u00e1gina web utilizando su navegador. En cada navegador la operativa es diferente, puede encontrar c\u00f3mo hacerlo en el men\u00fa de ayuda de su navegador, en el que se establece el procedimiento para su eliminaci\u00f3n. Para m\u00e1s informaci\u00f3n puede acceder a las siguientes p\u00e1ginas web:<\/p>\n\n\n\n<p class=\"p12\">\u2022 Google Chrome:<\/p>\n\n\n\n<p><a href=\"https:\/\/support.google.com\/chrome\/answer\/95647?co=genie.platform%3DDesktop&amp;hl=\u00e9s\">https:\/\/support.google.com\/chrome\/answer\/95647?co=genie.platform%3DDesktop&amp;hl=\u00e9s<\/a><\/p>\n\n\n\n<p class=\"p12\">\u2022 Mozilla Firefox:<\/p>\n\n\n\n<p><a href=\"https:\/\/support.mozilla.org\/es\/kb\/habilitar-y-deshabilitar-cookies-sitios-web-rastrear-preferencias\">https:\/\/support.mozilla.org\/es\/kb\/habilitar-y-deshabilitar-cookies-sitios-web-rastrear-preferencias<\/a><\/p>\n\n\n\n<p class=\"p12\">\u2022 Safari:<\/p>\n\n\n\n<p><a href=\"https:\/\/support.apple.com\/es-es\/guide\/safari\/sfri11471\/mac\">https:\/\/support.apple.com\/es-es\/guide\/safari\/sfri11471\/mac<\/a><\/p>\n\n\n\n<p class=\"p12\">\u2022 Internet Explorer:<\/p>\n\n\n\n<p><a href=\"https:\/\/support.microsoft.com\/es-es\/help\/278835\/how-to-delete-cookie-files-in-internet-explorer\">https:\/\/support.microsoft.com\/es-es\/help\/278835\/how-to-delete-cookie-files-in-internet-explorer<\/a><\/p>\n\n\n\n<p class=\"p12\">Es posible que al deshabilitar ciertas cookies la p\u00e1gina web no funcione correctamente o no pueda acceder a determinadas funciones de esta.<\/p>\n","protected":false},"excerpt":{"rendered":"<p>POL\u00cdTICA DE COOKIES En cumplimiento con el deber de informaci\u00f3n recogido en el apartado 2\u00ba del art\u00edculo 22 de la...<\/p>\n","protected":false},"author":1,"featured_media":0,"parent":0,"menu_order":0,"comment_status":"closed","ping_status":"closed","template":"","meta":{"_acf_changed":false,"inline_featured_image":false,"footnotes":""},"class_list":["post-213","page","type-page","status-publish","hentry"],"acf":[],"yoast_head":"<!-- This site is optimized with the Yoast SEO plugin v27.4 - https:\/\/yoast.com\/product\/yoast-seo-wordpress\/ -->\n<title>Pol\u00edtica de cookies - Col\u00b7legi Oficial de Metges de Lleida<\/title>\n<meta name=\"robots\" content=\"noindex, follow\" \/>\n<meta property=\"og:locale\" content=\"es_ES\" \/>\n<meta property=\"og:type\" content=\"article\" \/>\n<meta property=\"og:title\" content=\"Pol\u00edtica de cookies - Col\u00b7legi Oficial de Metges de Lleida\" \/>\n<meta property=\"og:description\" content=\"POL\u00cdTICA DE COOKIES En cumplimiento con el deber de informaci\u00f3n recogido en el apartado 2\u00ba del art\u00edculo 22 de la...\" \/>\n<meta property=\"og:url\" content=\"https:\/\/www.comll.cat\/es\/politica-de-cookies\/\" \/>\n<meta property=\"og:site_name\" content=\"Col\u00b7legi Oficial de Metges de Lleida\" \/>\n<meta property=\"article:modified_time\" content=\"2024-08-28T13:40:04+00:00\" \/>\n<meta name=\"twitter:card\" content=\"summary_large_image\" \/>\n<script type=\"application\/ld+json\" class=\"yoast-schema-graph\">{\"@context\":\"https:\\\/\\\/schema.org\",\"@graph\":[{\"@type\":\"WebPage\",\"@id\":\"https:\\\/\\\/www.comll.cat\\\/es\\\/politica-de-cookies\\\/\",\"url\":\"https:\\\/\\\/www.comll.cat\\\/es\\\/politica-de-cookies\\\/\",\"name\":\"Pol\u00edtica de cookies - Col\u00b7legi Oficial de Metges de Lleida\",\"isPartOf\":{\"@id\":\"https:\\\/\\\/www.comll.cat\\\/es\\\/#website\"},\"datePublished\":\"2021-09-06T11:09:18+00:00\",\"dateModified\":\"2024-08-28T13:40:04+00:00\",\"breadcrumb\":{\"@id\":\"https:\\\/\\\/www.comll.cat\\\/es\\\/politica-de-cookies\\\/#breadcrumb\"},\"inLanguage\":\"es\",\"potentialAction\":[{\"@type\":\"ReadAction\",\"target\":[\"https:\\\/\\\/www.comll.cat\\\/es\\\/politica-de-cookies\\\/\"]}]},{\"@type\":\"BreadcrumbList\",\"@id\":\"https:\\\/\\\/www.comll.cat\\\/es\\\/politica-de-cookies\\\/#breadcrumb\",\"itemListElement\":[{\"@type\":\"ListItem\",\"position\":1,\"name\":\"Portada\",\"item\":\"https:\\\/\\\/www.comll.cat\\\/es\\\/\"},{\"@type\":\"ListItem\",\"position\":2,\"name\":\"Pol\u00edtica de cookies\"}]},{\"@type\":\"WebSite\",\"@id\":\"https:\\\/\\\/www.comll.cat\\\/es\\\/#website\",\"url\":\"https:\\\/\\\/www.comll.cat\\\/es\\\/\",\"name\":\"Col\u00b7legi Oficial de Metges de Lleida\",\"description\":\"COMLL\",\"potentialAction\":[{\"@type\":\"SearchAction\",\"target\":{\"@type\":\"EntryPoint\",\"urlTemplate\":\"https:\\\/\\\/www.comll.cat\\\/es\\\/?s={search_term_string}\"},\"query-input\":{\"@type\":\"PropertyValueSpecification\",\"valueRequired\":true,\"valueName\":\"search_term_string\"}}],\"inLanguage\":\"es\"}]}<\/script>\n<!-- \/ Yoast SEO plugin. -->","yoast_head_json":{"title":"Pol\u00edtica de cookies - Col\u00b7legi Oficial de Metges de Lleida","robots":{"index":"noindex","follow":"follow"},"og_locale":"es_ES","og_type":"article","og_title":"Pol\u00edtica de cookies - Col\u00b7legi Oficial de Metges de Lleida","og_description":"POL\u00cdTICA DE COOKIES En cumplimiento con el deber de informaci\u00f3n recogido en el apartado 2\u00ba del art\u00edculo 22 de la...","og_url":"https:\/\/www.comll.cat\/es\/politica-de-cookies\/","og_site_name":"Col\u00b7legi Oficial de Metges de Lleida","article_modified_time":"2024-08-28T13:40:04+00:00","twitter_card":"summary_large_image","schema":{"@context":"https:\/\/schema.org","@graph":[{"@type":"WebPage","@id":"https:\/\/www.comll.cat\/es\/politica-de-cookies\/","url":"https:\/\/www.comll.cat\/es\/politica-de-cookies\/","name":"Pol\u00edtica de cookies - Col\u00b7legi Oficial de Metges de Lleida","isPartOf":{"@id":"https:\/\/www.comll.cat\/es\/#website"},"datePublished":"2021-09-06T11:09:18+00:00","dateModified":"2024-08-28T13:40:04+00:00","breadcrumb":{"@id":"https:\/\/www.comll.cat\/es\/politica-de-cookies\/#breadcrumb"},"inLanguage":"es","potentialAction":[{"@type":"ReadAction","target":["https:\/\/www.comll.cat\/es\/politica-de-cookies\/"]}]},{"@type":"BreadcrumbList","@id":"https:\/\/www.comll.cat\/es\/politica-de-cookies\/#breadcrumb","itemListElement":[{"@type":"ListItem","position":1,"name":"Portada","item":"https:\/\/www.comll.cat\/es\/"},{"@type":"ListItem","position":2,"name":"Pol\u00edtica de cookies"}]},{"@type":"WebSite","@id":"https:\/\/www.comll.cat\/es\/#website","url":"https:\/\/www.comll.cat\/es\/","name":"Col\u00b7legi Oficial de Metges de Lleida","description":"COMLL","potentialAction":[{"@type":"SearchAction","target":{"@type":"EntryPoint","urlTemplate":"https:\/\/www.comll.cat\/es\/?s={search_term_string}"},"query-input":{"@type":"PropertyValueSpecification","valueRequired":true,"valueName":"search_term_string"}}],"inLanguage":"es"}]}},"publishpress_future_workflow_manual_trigger":{"enabledWorkflows":[]},"_links":{"self":[{"href":"https:\/\/www.comll.cat\/es\/wp-json\/wp\/v2\/pages\/213","targetHints":{"allow":["GET"]}}],"collection":[{"href":"https:\/\/www.comll.cat\/es\/wp-json\/wp\/v2\/pages"}],"about":[{"href":"https:\/\/www.comll.cat\/es\/wp-json\/wp\/v2\/types\/page"}],"author":[{"embeddable":true,"href":"https:\/\/www.comll.cat\/es\/wp-json\/wp\/v2\/users\/1"}],"replies":[{"embeddable":true,"href":"https:\/\/www.comll.cat\/es\/wp-json\/wp\/v2\/comments?post=213"}],"version-history":[{"count":1,"href":"https:\/\/www.comll.cat\/es\/wp-json\/wp\/v2\/pages\/213\/revisions"}],"predecessor-version":[{"id":10083,"href":"https:\/\/www.comll.cat\/es\/wp-json\/wp\/v2\/pages\/213\/revisions\/10083"}],"wp:attachment":[{"href":"https:\/\/www.comll.cat\/es\/wp-json\/wp\/v2\/media?parent=213"}],"curies":[{"name":"wp","href":"https:\/\/api.w.org\/{rel}","templated":true}]}}