{"id":209,"date":"2021-09-06T13:08:18","date_gmt":"2021-09-06T11:08:18","guid":{"rendered":"https:\/\/www.comll.cat\/?page_id=209"},"modified":"2025-10-22T09:20:05","modified_gmt":"2025-10-22T07:20:05","slug":"aviso-legal","status":"publish","type":"page","link":"https:\/\/www.comll.cat\/es\/aviso-legal\/","title":{"rendered":"Aviso legal y Pol\u00edtica de Privacidad"},"content":{"rendered":"\n<p><b>1.<\/b><strong><b> <\/b>INFORMACI\u00d3N LEGAL LSSIICE<\/strong><\/p>\n\n\n\n<p>De acuerdo con las obligaciones previstas en la Ley 34\/2002, de Servicios de la Sociedad de la Informaci\u00f3n y de E-commerce (en lo sucesivo LSSIICE), Col\u00b7legi Oficial de Metges de Lleida con CIF Q2566001J y domicilio social en Av. Rovira Roure, 41 \u2013 25006 Lleida y direcci\u00f3n electr\u00f3nica dpo@comll.cat, manifiesta que son de su propiedad:<\/p>\n\n\n\n<ul class=\"wp-block-list\">\n<li>el dominio <a href=\"https:\/\/www.comll.cat\/\" target=\"_blank\" rel=\"noreferrer noopener\">https:\/\/www.comll.cat\/<\/a><\/li>\n\n\n\n<li>los perfiles y p\u00e1gina de las siguientes redes sociales:\n<ul class=\"wp-block-list\">\n<li>Instagram: <a href=\"https:\/\/www.instagram.com\/comlleida\/\" target=\"_blank\" rel=\"noreferrer noopener\">https:\/\/www.instagram.com\/comlleida\/<\/a><\/li>\n\n\n\n<li>Facebook: <a href=\"https:\/\/www.facebook.com\/comlleida\/\" target=\"_blank\" rel=\"noreferrer noopener\">https:\/\/www.facebook.com\/comlleida\/<\/a><\/li>\n\n\n\n<li>X: <a href=\"https:\/\/twitter.com\/comlleida\" target=\"_blank\" rel=\"noreferrer noopener\">https:\/\/twitter.com\/comlleida<\/a><\/li>\n\n\n\n<li>Linkedin: <a href=\"https:\/\/www.linkedin.com\/company\/comll\/\" target=\"_blank\" rel=\"noreferrer noopener\">https:\/\/www.linkedin.com\/company\/comll\/<\/a><\/li>\n\n\n\n<li>Vimeo: <a href=\"https:\/\/vimeo.com\/user113539385\" target=\"_blank\" rel=\"noreferrer noopener\">https:\/\/vimeo.com\/user113539385<\/a><\/li>\n<\/ul>\n<\/li>\n<\/ul>\n\n\n\n<p>Col\u00b7legi Oficial de Metges de Lleida no puede asumir ninguna responsabilidad derivada del uso incorrecto, inadecuado o il\u00edcito de la informaci\u00f3n que aparezca en sus p\u00e1ginas web o presencia en l\u00ednea en las diversas redes sociales. Con los l\u00edmites establecidos en la ley, Col\u00b7legi Oficial de Metges de Lleida no asume ninguna responsabilidad por la falta de veracidad, integridad, actualizaci\u00f3n y precisi\u00f3n de los datos o informaciones que se contienen en sus p\u00e1ginas de Internet.<\/p>\n\n\n\n<p>Los contenidos e informaci\u00f3n de las p\u00e1ginas de Internet y redes sociales de Col\u00b7legi Oficial de Metges de Lleida est\u00e1n elaboradas por profesionales debidamente cualificados para el ejercicio de su profesi\u00f3n. Sin embargo, los contenidos e informaci\u00f3n no vinculan a la susodicha ni constituyen opiniones, consejos o asesoramiento legal de ning\u00fan tipo, pues se trata meramente de un servicio ofrecido con car\u00e1cter informativo y divulgativo.<\/p>\n\n\n\n<p>Las p\u00e1ginas de Internet y redes sociales de Col\u00b7legi Oficial de Metges de Lleida pueden contener enlaces (links) a otras p\u00e1ginas de terceras partes. Por lo tanto, esta no puede asumir responsabilidades por el contenido que pueda aparecer en p\u00e1ginas de terceros. Los textos, im\u00e1genes, sonidos, animaciones, software y el resto de contenidos incluidos en este website son propiedad exclusiva de Col\u00b7legi Oficial de Metges de Lleida o sus licenciatarios. Cualquier acto de transmisi\u00f3n, distribuci\u00f3n, cesi\u00f3n, reproducci\u00f3n, almacenamiento o comunicaci\u00f3n p\u00fablica total o parcial, tiene que contar con el consentimiento expreso de Col\u00b7legi Oficial de Metges de Lleida.<\/p>\n\n\n\n<p>Del mismo modo se reserva el derecho a retirar el acceso en el Portal, sin necesidad de previo aviso, a cualquier usuario que contravenga el dispuesto en este aviso legal.<\/p>\n\n\n\n<p><b><br>2. <\/b><strong>REDES SOCIALES<\/strong><\/p>\n\n\n\n<p>El usuario deber\u00e1 disponer de su perfil en estas redes sociales para poder interactuar con Col\u00b7legi Oficial de Metges de Lleida y que acepte la relaci\u00f3n con la red social. Si as\u00ed se ejecuta, Col\u00b7legi Oficial de Metges de Lleida tendr\u00e1 acceso al perfil del usuario de acuerdo con los par\u00e1metros estipulados por la propia red social y podr\u00e1 interactuar con \u00e9l en el env\u00edo de mensajes, publicaciones, participaci\u00f3n en concursos y sorteos. Si el usuario no desea que Col\u00b7legi Oficial de Metges de Lleida pueda acceder a su perfil o interrelacionarse con \u00e9l har\u00e1 falta que se desvincule del perfil dejando de seguir o eliminar como amistad, seguidor o usuario de Col\u00b7legi Oficial de Metges de Lleida.<\/p>\n\n\n\n<p>Las actuaciones que realice Col\u00b7legi Oficial de Metges de Lleida podr\u00e1n tener car\u00e1cter informativo y\/o publicitario del sus servicios o productos, considerando que la red social es un medio publicitario, bajo la responsabilidad de Col\u00b7legi Oficial de Metges de Lleida en cuanto a las publicaciones y comunicaciones que realizan por estos medios en l\u00ednea.<\/p>\n\n\n\n<p>La participaci\u00f3n de los usuarios en concursos, promociones o sorteos implicar\u00e1 que el usuario acepta las bases legales de dicho concurso, promoci\u00f3n o sorteo que ser\u00e1n publicadas en la red social de referencia en el momento oportuno, y con su participaci\u00f3n, implicar\u00e1 que el usuario ha aceptado las mismas.<\/p>\n\n\n\n<p>Se recuerda a los usuarios que las publicaciones que realicen en las redes sociales estar\u00e1n bajo su responsabilidad y har\u00e1 falta que respeten la legislaci\u00f3n y los derechos de terceros que se puedan afectar, con especial relevancia a los derechos de propiedad intelectual, de protecci\u00f3n de datos y de la propia imagen de terceros, as\u00ed como las normas de las propias redes sociales que constan en los siguientes enlaces:<\/p>\n\n\n\n<ul class=\"wp-block-list\">\n<li>Facebook: <a href=\"https:\/\/www.facebook.com\/legal\/terms\" target=\"_blank\" rel=\"noreferrer noopener\">https:\/\/www.facebook.com\/legal\/terms<\/a><\/li>\n\n\n\n<li>Instagram: <a href=\"https:\/\/help.instagram.com\/\" target=\"_blank\" rel=\"noreferrer noopener\">https:\/\/help.instagram.com\/<\/a><\/li>\n\n\n\n<li>X: <a href=\"https:\/\/twitter.com\/es\/tos\" target=\"_blank\" rel=\"noreferrer noopener\">https:\/\/twitter.com\/es\/tos<\/a><\/li>\n\n\n\n<li>Linkedin: <a href=\"https:\/\/www.linkedin.com\/legal\/user-agreement\" target=\"_blank\" rel=\"noreferrer noopener\">https:\/\/www.linkedin.com\/legal\/user-agreement<\/a><\/li>\n\n\n\n<li>Vimeo: <a href=\"https:\/\/vimeo.com\/privacy\" target=\"_blank\" rel=\"noreferrer noopener\">https:\/\/vimeo.com\/privacy<\/a><\/li>\n<\/ul>\n\n\n\n<p><strong><b>3. <\/b>PROTECCI\u00d3N DE DATOS PERSONALES<\/strong><\/p>\n\n\n\n<p>En virtud de la normativa de protecci\u00f3n de datos de car\u00e1cter personal, por la presente autoriza a que los datos personales facilitados sean tratadas bajo la responsabilidad de Col\u00b7legi Oficial de Metges de Lleida.<\/p>\n\n\n\n<p>- Formulario de Contacto: Sus datos ser\u00e1n tratados con el fin de gestionar su petici\u00f3n y poderle dar respuesta, siendo la prestaci\u00f3n de este servicio el motivo que nos legitima tratar sus datos. Estos datos ser\u00e1n conservados hasta que se resuelva la petici\u00f3n y no ser\u00e1n transmitidas a terceros.<\/p>\n\n\n\n<p>- Formularios de alta o baja de colegiaci\u00f3n: Sus datos ser\u00e1n tratados con el fin de la gesti\u00f3n de los tr\u00e1mites colegiales, de acuerdo con su consentimiento expreso. Sus datos ser\u00e1n conservados mientras dure el proceso de selecci\u00f3n y posteriormente ser\u00e1n destruidas de manera confidencial en el periodo no superior de 1 a\u00f1o. No ser\u00e1n transmitidas a terceros.<\/p>\n\n\n\n<p>- Si son tratadas en nuestras redes sociales, de acuerdo con lo detallado anteriormente, estas ser\u00e1n tratadas con el fin de gestionar aquella informaci\u00f3n y datos obtenidos de la interacci\u00f3n de los usuarios de las redes sociales con estos perfiles\/p\u00e1gina. Estos datos ser\u00e1n tratados seg\u00fan el inter\u00e9s leg\u00edtimo de esta empresa y ser\u00e1n conservadas siempre que se mantenga el inter\u00e9s leg\u00edtimo que permiti\u00f3 su tratamiento.<\/p>\n\n\n\n<p>En cualquier caso, podr\u00e1 indicar la revocaci\u00f3n del consentimiento otorgado, si esta fue la base que legitim\u00f3 el tratamiento o ejercitar los derechos previstos:<\/p>\n\n\n\n<ul class=\"wp-block-list\">\n<li>De acceso: El interesado tiene derecho a saber si el responsable del tratamiento trata datos personales suyos y, si es as\u00ed, tiene derecho a acceder a estos datos y a obtener la informaci\u00f3n al respecto del tratamientos realizados.<\/li>\n\n\n\n<li>Rectificaci\u00f3n: Est\u00e1 vinculado al car\u00e1cter inexacto o incompleto de los datos. El interesado tiene derecho a rectificar sus datos personales inexactos y que se completen sus datos personales incompletos.<\/li>\n\n\n\n<li>Supresi\u00f3n: El interesado tiene derecho a obtener la supresi\u00f3n de sus datos personales (\"derecho al olvido\"), cuando estas ya no son necesarias para la finalidad para la cual se recogieron, se revoca el consentimiento en el cual se basaba el tratamiento, el interesado se opone al tratamiento, los datos se han tratado il\u00edcitamente, se tienen que suprimir para cumplir una obligaci\u00f3n legal o se han obtenido en relaci\u00f3n con la oferta de servicios de la sociedad de la informaci\u00f3n dirigida a menores.<\/li>\n\n\n\n<li>Limitaci\u00f3n del tratamiento: Es un derecho de la persona interesada consistente al marcar sus datos de car\u00e1cter personal conservadas, con el fin de limitar el tratamiento en el futuro. La limitaci\u00f3n del tratamiento supone que, a petici\u00f3n de la persona interesada, sus datos personales se dejan de tratar.<\/li>\n\n\n\n<li>Oposici\u00f3n: el interesado tiene derecho a oponerse al tratamiento de sus datos cuando se basa en algunos supuestos concretos y se invoque un motivo relacionado con su situaci\u00f3n personal.<\/li>\n\n\n\n<li>Portabilidad de los datos. El interesado tiene derecho a recibir los datos personales que ha facilitado a un responsable del tratamiento en un formato estructurado, de uso com\u00fan y de lectura mec\u00e1nica, si se basa en el consentimiento o en un contrato o cuando el tratamiento se hace por medios automatizados.<\/li>\n\n\n\n<li>A no ser objeto de decisiones individuales automatizadas: el interesado tiene derecho a no ser objeto de una decisi\u00f3n basada solo en el tratamiento automatizado de sus datos, incluida la elaboraci\u00f3n de perfiles que produzca efectos jur\u00eddicos en \u00e9l o lo afecte negativamente.<\/li>\n<\/ul>\n\n\n\n<p>Estas peticiones har\u00e1 falta que se hagan a <a href=\"mailto:dpo@comll.cat\" target=\"_blank\" rel=\"noreferrer noopener\">dpo@comll.cat<\/a><\/p>\n\n\n\n<p>As\u00ed mismo tambi\u00e9n podr\u00e1 presentar una reclamaci\u00f3n ante la Autoridad Catalana de Protecci\u00f3n de Datos o ponerse en contacto con el Delegado de Protecci\u00f3n de Datos a: dpo@comll.cat<\/p>\n\n\n\n<p><b>4. PROPIEDAD INDUSTRIAL E INTELECTUAL<\/b><\/p>\n\n\n\n<p>Esta web es propiedad de Col\u00b7legi Oficial de Metges de Lleida. Los derechos de Propiedad Intelectual y derechos de explotaci\u00f3n y reproducci\u00f3n de esta web, sus p\u00e1ginas, su presencia a redes sociales, pantallas, la informaci\u00f3n que contienen, su apariencia y dise\u00f1o, as\u00ed como los enlaces (\"*hiperv\u00ednculos\") establecidos desde ella en otras p\u00e1ginas web de cualquier centro adscrito u organismo dependiente, son propiedad exclusiva de esta salvo que expresamente se establezca unos otra cosa.<\/p>\n\n\n\n<p>Todas las denominaciones, dise\u00f1os y\/o logotipos, as\u00ed como cualesquier producto o servicio ofrecidos y reflejados en este sitio web, son marcas comerciales debidamente registradas por Col\u00b7legi Oficial de Metges de Lleida por sus subsidiarias y\/o dominadas o por terceros.<\/p>\n\n\n\n<p>Cualquier uso indebido del mismo por personas diferentes de su leg\u00edtimo titular y sin el consentimiento expreso e inequ\u00edvoco por parte de este podr\u00e1 ser denunciado y perseguido a trav\u00e9s de todos los medios legales existentes al ordenamiento jur\u00eddico espa\u00f1ol y\/o comunitario.<\/p>\n\n\n\n<p>Los derechos de propiedad intelectual y marcas comerciales de terceros se destacan convenientemente y tienen que ser respetados por todo aquel que acceda en esta p\u00e1gina, no siendo responsabilidad de Col\u00b7legi Oficial de Metges de Lleida el uso que el usuario pueda llevar a cabo en lo referente a este respeto, siendo la \u00fanica responsabilidad sobre su persona.<\/p>\n\n\n\n<p>Solo para uso personal y privado se permite descargar los contenidos, copiar o imprimir cualquier p\u00e1gina de esta web y redes sociales. Queda prohibido reproducir, transmitir, modificar o eliminar la informaci\u00f3n, contenido o advertencias de este sitio web sin la autorizaci\u00f3n previa por escrito de Col\u00b7legi Oficial de Metges de Lleida.<\/p>\n\n\n\n<p>Col\u00b7legi Oficial de Metges de Lleida no transfiere a los usuarios la propiedad de su software. El usuario es el propietario del medio en el cual se graba el software. Col\u00b7legi Oficial de Metges de Lleida posee todos los derechos de propiedad industrial e intelectual, incluyendo el software. Si el usuario transfiere software de este sitio web a su terminal, no podr\u00e1 diseccionar por su estudio y descompilar, traducir la versi\u00f3n del c\u00f3digo objeto original o su idioma u otro c\u00f3digo o idioma.<\/p>\n\n\n\n<p><b>5. LEY APLICABLE Y JURISDICCI\u00d3N<\/b><\/p>\n\n\n\n<p>Las presentes condiciones generales se rigen por la Legislaci\u00f3n espa\u00f1ola, siente competentes los Juzgados y Tribunales espa\u00f1oles para conocer de cu\u00e1ntas cuestiones se susciten sobre la interpretaci\u00f3n, aplicaci\u00f3n y cumplimiento de las mismas. El usuario, en virtud de su aceptaci\u00f3n de las condiciones generales recogidas en este aviso legal y siempre que esta sumisi\u00f3n sea posible, renuncia expresamente a cualquier fuero que, por aplicaci\u00f3n de la ley de enjuiciamiento civil vigente, pudiera corresponderle.<\/p>\n","protected":false},"excerpt":{"rendered":"<p>1. INFORMACI\u00d3N LEGAL LSSIICE De acuerdo con las obligaciones previstas en la Ley 34\/2002, de Servicios de la Sociedad de...<\/p>\n","protected":false},"author":1,"featured_media":0,"parent":0,"menu_order":0,"comment_status":"closed","ping_status":"closed","template":"","meta":{"_acf_changed":false,"inline_featured_image":false,"footnotes":""},"class_list":["post-209","page","type-page","status-publish","hentry"],"acf":[],"yoast_head":"<!-- This site is optimized with the Yoast SEO plugin v27.5 - https:\/\/yoast.com\/product\/yoast-seo-wordpress\/ -->\n<title>Aviso legal y Pol\u00edtica de Privacidad - Col\u00b7legi Oficial de Metges de Lleida<\/title>\n<meta name=\"robots\" content=\"noindex, follow\" \/>\n<meta property=\"og:locale\" content=\"es_ES\" \/>\n<meta property=\"og:type\" content=\"article\" \/>\n<meta property=\"og:title\" content=\"Aviso legal y Pol\u00edtica de Privacidad - Col\u00b7legi Oficial de Metges de Lleida\" \/>\n<meta property=\"og:description\" content=\"1. INFORMACI\u00d3N LEGAL LSSIICE De acuerdo con las obligaciones previstas en la Ley 34\/2002, de Servicios de la Sociedad de...\" \/>\n<meta property=\"og:url\" content=\"https:\/\/www.comll.cat\/es\/aviso-legal\/\" \/>\n<meta property=\"og:site_name\" content=\"Col\u00b7legi Oficial de Metges de Lleida\" \/>\n<meta property=\"article:modified_time\" content=\"2025-10-22T07:20:05+00:00\" \/>\n<meta name=\"twitter:card\" content=\"summary_large_image\" \/>\n<script type=\"application\/ld+json\" class=\"yoast-schema-graph\">{\"@context\":\"https:\\\/\\\/schema.org\",\"@graph\":[{\"@type\":\"WebPage\",\"@id\":\"https:\\\/\\\/www.comll.cat\\\/es\\\/aviso-legal\\\/\",\"url\":\"https:\\\/\\\/www.comll.cat\\\/es\\\/aviso-legal\\\/\",\"name\":\"Aviso legal y Pol\u00edtica de Privacidad - Col\u00b7legi Oficial de Metges de Lleida\",\"isPartOf\":{\"@id\":\"https:\\\/\\\/www.comll.cat\\\/es\\\/#website\"},\"datePublished\":\"2021-09-06T11:08:18+00:00\",\"dateModified\":\"2025-10-22T07:20:05+00:00\",\"breadcrumb\":{\"@id\":\"https:\\\/\\\/www.comll.cat\\\/es\\\/aviso-legal\\\/#breadcrumb\"},\"inLanguage\":\"es\",\"potentialAction\":[{\"@type\":\"ReadAction\",\"target\":[\"https:\\\/\\\/www.comll.cat\\\/es\\\/aviso-legal\\\/\"]}]},{\"@type\":\"BreadcrumbList\",\"@id\":\"https:\\\/\\\/www.comll.cat\\\/es\\\/aviso-legal\\\/#breadcrumb\",\"itemListElement\":[{\"@type\":\"ListItem\",\"position\":1,\"name\":\"Portada\",\"item\":\"https:\\\/\\\/www.comll.cat\\\/es\\\/\"},{\"@type\":\"ListItem\",\"position\":2,\"name\":\"Aviso legal y Pol\u00edtica de Privacidad\"}]},{\"@type\":\"WebSite\",\"@id\":\"https:\\\/\\\/www.comll.cat\\\/es\\\/#website\",\"url\":\"https:\\\/\\\/www.comll.cat\\\/es\\\/\",\"name\":\"Col\u00b7legi Oficial de Metges de Lleida\",\"description\":\"COMLL\",\"potentialAction\":[{\"@type\":\"SearchAction\",\"target\":{\"@type\":\"EntryPoint\",\"urlTemplate\":\"https:\\\/\\\/www.comll.cat\\\/es\\\/?s={search_term_string}\"},\"query-input\":{\"@type\":\"PropertyValueSpecification\",\"valueRequired\":true,\"valueName\":\"search_term_string\"}}],\"inLanguage\":\"es\"}]}<\/script>\n<!-- \/ Yoast SEO plugin. -->","yoast_head_json":{"title":"Aviso legal y Pol\u00edtica de Privacidad - Col\u00b7legi Oficial de Metges de Lleida","robots":{"index":"noindex","follow":"follow"},"og_locale":"es_ES","og_type":"article","og_title":"Aviso legal y Pol\u00edtica de Privacidad - Col\u00b7legi Oficial de Metges de Lleida","og_description":"1. INFORMACI\u00d3N LEGAL LSSIICE De acuerdo con las obligaciones previstas en la Ley 34\/2002, de Servicios de la Sociedad de...","og_url":"https:\/\/www.comll.cat\/es\/aviso-legal\/","og_site_name":"Col\u00b7legi Oficial de Metges de Lleida","article_modified_time":"2025-10-22T07:20:05+00:00","twitter_card":"summary_large_image","schema":{"@context":"https:\/\/schema.org","@graph":[{"@type":"WebPage","@id":"https:\/\/www.comll.cat\/es\/aviso-legal\/","url":"https:\/\/www.comll.cat\/es\/aviso-legal\/","name":"Aviso legal y Pol\u00edtica de Privacidad - Col\u00b7legi Oficial de Metges de Lleida","isPartOf":{"@id":"https:\/\/www.comll.cat\/es\/#website"},"datePublished":"2021-09-06T11:08:18+00:00","dateModified":"2025-10-22T07:20:05+00:00","breadcrumb":{"@id":"https:\/\/www.comll.cat\/es\/aviso-legal\/#breadcrumb"},"inLanguage":"es","potentialAction":[{"@type":"ReadAction","target":["https:\/\/www.comll.cat\/es\/aviso-legal\/"]}]},{"@type":"BreadcrumbList","@id":"https:\/\/www.comll.cat\/es\/aviso-legal\/#breadcrumb","itemListElement":[{"@type":"ListItem","position":1,"name":"Portada","item":"https:\/\/www.comll.cat\/es\/"},{"@type":"ListItem","position":2,"name":"Aviso legal y Pol\u00edtica de Privacidad"}]},{"@type":"WebSite","@id":"https:\/\/www.comll.cat\/es\/#website","url":"https:\/\/www.comll.cat\/es\/","name":"Col\u00b7legi Oficial de Metges de Lleida","description":"COMLL","potentialAction":[{"@type":"SearchAction","target":{"@type":"EntryPoint","urlTemplate":"https:\/\/www.comll.cat\/es\/?s={search_term_string}"},"query-input":{"@type":"PropertyValueSpecification","valueRequired":true,"valueName":"search_term_string"}}],"inLanguage":"es"}]}},"publishpress_future_workflow_manual_trigger":{"enabledWorkflows":[]},"_links":{"self":[{"href":"https:\/\/www.comll.cat\/es\/wp-json\/wp\/v2\/pages\/209","targetHints":{"allow":["GET"]}}],"collection":[{"href":"https:\/\/www.comll.cat\/es\/wp-json\/wp\/v2\/pages"}],"about":[{"href":"https:\/\/www.comll.cat\/es\/wp-json\/wp\/v2\/types\/page"}],"author":[{"embeddable":true,"href":"https:\/\/www.comll.cat\/es\/wp-json\/wp\/v2\/users\/1"}],"replies":[{"embeddable":true,"href":"https:\/\/www.comll.cat\/es\/wp-json\/wp\/v2\/comments?post=209"}],"version-history":[{"count":2,"href":"https:\/\/www.comll.cat\/es\/wp-json\/wp\/v2\/pages\/209\/revisions"}],"predecessor-version":[{"id":13191,"href":"https:\/\/www.comll.cat\/es\/wp-json\/wp\/v2\/pages\/209\/revisions\/13191"}],"wp:attachment":[{"href":"https:\/\/www.comll.cat\/es\/wp-json\/wp\/v2\/media?parent=209"}],"curies":[{"name":"wp","href":"https:\/\/api.w.org\/{rel}","templated":true}]}}